{"id":24,"date":"2021-11-29T20:03:37","date_gmt":"2021-11-29T20:03:37","guid":{"rendered":"https:\/\/boring-stonebraker.94-130-70-101.plesk.page\/index.php\/registration\/"},"modified":"2021-12-08T13:20:50","modified_gmt":"2021-12-08T13:20:50","slug":"registracija","status":"publish","type":"page","link":"https:\/\/pine.plavipixel.com.hr\/index.php\/registracija\/","title":{"rendered":"Registracija"},"content":{"rendered":"<div class=\"directorist-registration-wrapper directorist-w-100\">\n\t<div class=\"directorist-container-fluid\">\n\t\t<div class=\"directorist-row\">\n\t\t\t<div class=\"directorist-col-md-6 directorist-offset-md-3\">\n\t\t\t\t<div class=\"add_listing_title atbd_success_mesage\">\n\t\t\t\t\t\t\t\t\t\t<!--Registration failed, so show notification.-->\n\t\t\t\t\t\t\t\t\t<\/div>\n\t\t\t<\/div>\n\t\t\t<div class=\"directorist-col-md-6 directorist-offset-md-3\">\n\t\t\t\t<div class=\"directory_register_form_wrap\">\n\t\t\t\t\t<form action=\"https:\/\/pine.plavipixel.com.hr\/index.php\/registracija\/\" method=\"post\">\n\t\t\t\t\t\t<div class=\"directorist-form-group directorist-mb-15\">\n\t\t\t\t\t\t\t<label for=\"username\">Korisni\u010dko ime <strong class=\"directorist-form-required\">*<\/strong><\/label>\n\t\t\t\t\t\t\t<input id=\"username\" class=\"directorist-form-element\" type=\"text\" name=\"username\" value=\"\">\n\t\t\t\t\t\t<\/div>\n\t\t\t\t\t\t<div class=\"directorist-form-group directorist-mb-15\">\n\t\t\t\t\t\t\t<label for=\"email\">Email adresa <strong class=\"directorist-form-required\">*<\/strong><\/label>\n\t\t\t\t\t\t\t<input id=\"email\" class=\"directorist-form-element\" type=\"text\" name=\"email\" value=\"\">\n\t\t\t\t\t\t<\/div>\n\t\t\t\t\t\t\t\t\t\t\t\t\t<div class=\"directorist-form-group directorist-mb-15\">\n\t\t\t\t\t\t\t\t<label for=\"password\">Lozinka<strong class=\"directorist-form-required\">*<\/strong><\/label>\n\t\t\t\t\t\t\t\t<input id=\"password\" class=\"directorist-form-element\" type=\"password\" name=\"password\" value=\"\">\n\t\t\t\t\t\t\t<\/div>\n\t\t\t\t\t\t\t\t\t\t\t\t\t\t\t\t\t\t<div class=\"directorist-form-group directorist-mb-15\">\n\t\t\t\t\t\t\t<label for=\"fname\">Ime<strong class=\"directorist-form-required\">*<\/strong><\/label>\n\t\t\t\t\t\t\t<input id=\"fname\" class=\"directorist-form-element\" type=\"text\" name=\"fname\" value=\"\">\n\t\t\t\t\t\t<\/div>\n\t\t\t\t\t\t\t\t\t\t\t\t\t\t\t\t\t\t<div class=\"directorist-form-group directorist-mb-15\">\n\t\t\t\t\t\t\t<label for=\"lname\">Prezime<strong class=\"directorist-form-required\">*<\/strong><\/label>\n\t\t\t\t\t\t\t<input class=\"directorist-form-element\" id=\"lname\" type=\"text\" name=\"lname\" value=\"\">\n\t\t\t\t\t\t<\/div>\n\t\t\t\t\t\t\t\t\t\t\t\t\t\t\t\t\t\t\t\t\t\t\t\t<div class=\"directorist-form-group directorist-mb-15\">\n\t\t\t\t\t\t\t<label for=\"bio\">O meni<\/label>\n\t\t\t\t\t\t\t<textarea id=\"bio\" class=\"directorist-form-element\" name=\"bio\" rows=\"10\"><\/textarea>\n\t\t\t\t\t\t<\/div>\n\t\t\t\t\t\t\t\t\t\t\t\t\t\t\t\t\t\t\t<div class=\"atbd_user_type_area directory_regi_btn directorist-radio directorist-radio-circle directorist-mb-15\">\n\t\t\t\t\t\t\t\t<input id=\"author_type\" type=\"radio\" name=\"user_type\" value=\"author\" checked><label for=\"author_type\" class=\"directorist-radio__label\">I am an author\t\t\t\t\t\t\t<\/div>\n\t\t\t\t\t\t\t\t\t\t\t\t\t\t\t\t\t\t\t\t\t<div class=\"atbd_user_type_area directory_regi_btn directorist-radio directorist-radio-circle directorist-mb-15\">\n\t\t\t\t\t\t\t\t<input id=\"general_type\" type=\"radio\" name=\"user_type\" value=\"general\" ><label for=\"general_type\" class=\"directorist-radio__label\">I am a user\t\t\t\t\t\t\t<\/div>\n\t\t\t\t\t\t\t\t\t\t\t\t\t\n\t\t\t\t\t\t\t\t\t\t\t\t\t<div class=\"atbd_privacy_policy_area directory_regi_btn directorist-checkbox directorist-mb-15\">\n\t\t\t\t\t\t\t\t<input id=\"privacy_policy\" type=\"checkbox\" name=\"privacy_policy\" >\n\t\t\t\t\t\t\t\t<label for=\"privacy_policy\" class=\"directorist-checkbox__label\">Sla\u017eem se sa <a style=\"color: red\" target=\"_blank\" href=\"https:\/\/pine.plavipixel.com.hr\/index.php\/privacy-policy-2\/\">politikom privatnosti <\/a> <span class=\"directorist-form-required\">*<\/span><\/label>\n\t\t\t\t\t\t\t<\/div>\n\t\t\t\t\t\t\t\t\t\t\t\t\t\t\t\t\t\t\t<div class=\"atbd_term_and_condition_area directory_regi_btn directorist-checkbox directorist-mb-15\">\n\t\t\t\t\t\t\t\t<input id=\"listing_t\" type=\"checkbox\" name=\"t_c_check\" >\n\t\t\t\t\t\t\t\t<label for=\"listing_t\" class=\"directorist-checkbox__label\">Sla\u017eem se sa\t\t\t\t\t\t\t\t\t<a style=\"color: red\" target=\"_blank\" href=\"https:\/\/pine.plavipixel.com.hr\/index.php\/terms-and-conditions\/\">uvjetima i odredbama<\/a> <span class=\"directorist-form-required\">*<\/span><\/label>\n\t\t\t\t\t\t\t<\/div>\n\t\t\t\t\t\t\n\t\t\t\t\t\t\t\t\t\t\t\t\t\t\t\t\t\t<div class=\"directory_regi_btn directorist-mb-15\">\n\t\t\t\t\t\t\t\t\t\t\t\t\t\t<button type=\"submit\" class=\"directorist-btn directorist-btn-primary\" name=\"atbdp_user_submit\">Registracija<\/button>\n\t\t\t\t\t\t\t<input type=\"hidden\" value=\"f0bbb6fc20\" name=\"directorist_nonce\">\n\t\t\t\t\t\t<\/div>\n\t\t\t\t\t\t\t\t\t\t\t\t<div class=\"directory_regi_btn\">\n\t\t\t\t\t\t\t<p>Ve\u0107 ima\u0161 ra\u010dun? Prijavi se <a href=\"https:\/\/pine.plavipixel.com.hr\/index.php\/prijava\/\">ovdje<\/a><\/p>\n\t\t\t\t\t\t<\/div>\n\t\t\t\t\t\t\t\t\t\t\t<\/form>\n\t\t\t\t<\/div>\n\t\t\t<\/div>\n\t\t<\/div> <!--ends .row-->\n\t<\/div>\n<\/div>\n\n\n","protected":false},"excerpt":{"rendered":"","protected":false},"author":1,"featured_media":0,"parent":0,"menu_order":0,"comment_status":"closed","ping_status":"closed","template":"","meta":{"footnotes":""},"class_list":["post-24","page","type-page","status-publish","hentry"],"_links":{"self":[{"href":"https:\/\/pine.plavipixel.com.hr\/index.php\/wp-json\/wp\/v2\/pages\/24","targetHints":{"allow":["GET"]}}],"collection":[{"href":"https:\/\/pine.plavipixel.com.hr\/index.php\/wp-json\/wp\/v2\/pages"}],"about":[{"href":"https:\/\/pine.plavipixel.com.hr\/index.php\/wp-json\/wp\/v2\/types\/page"}],"author":[{"embeddable":true,"href":"https:\/\/pine.plavipixel.com.hr\/index.php\/wp-json\/wp\/v2\/users\/1"}],"replies":[{"embeddable":true,"href":"https:\/\/pine.plavipixel.com.hr\/index.php\/wp-json\/wp\/v2\/comments?post=24"}],"version-history":[{"count":2,"href":"https:\/\/pine.plavipixel.com.hr\/index.php\/wp-json\/wp\/v2\/pages\/24\/revisions"}],"predecessor-version":[{"id":346,"href":"https:\/\/pine.plavipixel.com.hr\/index.php\/wp-json\/wp\/v2\/pages\/24\/revisions\/346"}],"wp:attachment":[{"href":"https:\/\/pine.plavipixel.com.hr\/index.php\/wp-json\/wp\/v2\/media?parent=24"}],"curies":[{"name":"wp","href":"https:\/\/api.w.org\/{rel}","templated":true}]}}